{"id":236,"date":"2020-12-07T08:59:19","date_gmt":"2020-12-07T08:59:19","guid":{"rendered":"http:\/\/sw-themes.com\/porto_dummy\/?post_type=product&#038;p=236"},"modified":"2026-03-26T15:46:38","modified_gmt":"2026-03-26T15:46:38","slug":"palestina-cola-lemon-lime","status":"publish","type":"product","link":"https:\/\/palestinacola.es\/es\/producto\/palestina-cola-lemon-lime\/","title":{"rendered":"Palestina Cola - Lim\u00f3n y lima"},"content":{"rendered":"<h3 data-start=\"886\" data-end=\"907\"><strong data-start=\"890\" data-end=\"907\">\u00a0 Perfil gustativo<\/strong><\/h3>\n<ul>\n<li data-start=\"910\" data-end=\"936\"><strong data-start=\"910\" data-end=\"921\">Sabor:<\/strong> Lim\u00f3n y lima<\/li>\n<li data-start=\"937\" data-end=\"973\">\n<p data-start=\"939\" data-end=\"973\"><strong data-start=\"939\" data-end=\"950\">Acabado:<\/strong> Limpio y refrescante<\/p>\n<\/li>\n<li data-start=\"974\" data-end=\"1014\">\n<p data-start=\"976\" data-end=\"1014\"><strong data-start=\"976\" data-end=\"992\">Carbonataci\u00f3n:<\/strong> Equilibrado y suave<\/p>\n<\/li>\n<\/ul>\n<h3 data-start=\"1021\" data-end=\"1040\"><strong data-start=\"1025\" data-end=\"1040\">\u00a0 Perfecto para<\/strong><\/h3>\n<ul data-start=\"1041\" data-end=\"1158\">\n<li data-start=\"1041\" data-end=\"1065\">\n<p data-start=\"1043\" data-end=\"1065\">Refresco diario<\/p>\n<\/li>\n<li data-start=\"1066\" data-end=\"1090\">\n<p data-start=\"1068\" data-end=\"1090\">Comidas y reuniones<\/p>\n<\/li>\n<li data-start=\"1091\" data-end=\"1123\">\n<p data-start=\"1093\" data-end=\"1123\">D\u00edas c\u00e1lidos y momentos sociales<\/p>\n<\/li>\n<li data-start=\"1124\" data-end=\"1158\">\n<p data-start=\"1126\" data-end=\"1158\">Restaurantes, caf\u00e9s y eventos<\/p>\n<\/li>\n<\/ul>","protected":false},"excerpt":{"rendered":"<p data-start=\"329\" data-end=\"569\">Palestina Lim\u00f3n Lima es una refrescante bebida carbonatada que combina el crujiente sabor del lim\u00f3n con un suave toque de lima. Ligera, vibrante y perfectamente equilibrada, est\u00e1 pensada para quienes disfrutan de una experiencia de sabor limpia y estimulante.<\/p>\n<p data-start=\"571\" data-end=\"696\">Ya sea solo o acompa\u00f1ado, Palestina Lima Lim\u00f3n ofrece un momento brillante y refrescante en cada sorbo.<\/p>\n<ul data-start=\"724\" data-end=\"879\">\n<li data-start=\"724\" data-end=\"758\">\n<p data-start=\"726\" data-end=\"758\">Refrescante sabor a lim\u00f3n y lima<\/p>\n<\/li>\n<li data-start=\"759\" data-end=\"784\">\n<p data-start=\"761\" data-end=\"784\">Refresco carbonatado<\/p>\n<\/li>\n<li data-start=\"785\" data-end=\"819\">\n<p data-start=\"787\" data-end=\"819\">Sabor ligero, crujiente y suave<\/p>\n<\/li>\n<li data-start=\"820\" data-end=\"843\">\n<p data-start=\"822\" data-end=\"843\">Se sirve mejor fr\u00edo<\/p>\n<\/li>\n<li data-start=\"844\" data-end=\"879\">\n<p data-start=\"846\" data-end=\"879\">Apto para el disfrute diario<\/p>\n<\/li>\n<\/ul>\n<p>Refrescante refresco carbonatado con sabor a lim\u00f3n y lima, de sabor limpio y crujiente.<\/p>","protected":false},"featured_media":1739,"comment_status":"open","ping_status":"closed","template":"","meta":{"content-type":""},"product_brand":[],"product_cat":[153],"product_tag":[],"class_list":{"0":"post-236","1":"product","2":"type-product","3":"status-publish","4":"has-post-thumbnail","6":"product_cat-cola","8":"first","9":"instock","10":"taxable","11":"shipping-taxable","12":"purchasable","13":"product-type-variable","14":"has-default-attributes"},"jetpack_sharing_enabled":true,"tiered_pricing_type":"fixed","tiered_pricing_fixed_rules":[],"tiered_pricing_product_settings":{"layout":"default","base_unit_name":{"singular":null,"plural":null},"default_variation":null},"tiered_pricing_minimum_quantity":null,"tiered_pricing_roles_data":[],"tiered_pricing_percentage_rules":[],"_links":{"self":[{"href":"https:\/\/palestinacola.es\/es\/wp-json\/wp\/v2\/product\/236","targetHints":{"allow":["GET"]}}],"collection":[{"href":"https:\/\/palestinacola.es\/es\/wp-json\/wp\/v2\/product"}],"about":[{"href":"https:\/\/palestinacola.es\/es\/wp-json\/wp\/v2\/types\/product"}],"replies":[{"embeddable":true,"href":"https:\/\/palestinacola.es\/es\/wp-json\/wp\/v2\/comments?post=236"}],"wp:featuredmedia":[{"embeddable":true,"href":"https:\/\/palestinacola.es\/es\/wp-json\/wp\/v2\/media\/1739"}],"wp:attachment":[{"href":"https:\/\/palestinacola.es\/es\/wp-json\/wp\/v2\/media?parent=236"}],"wp:term":[{"taxonomy":"product_brand","embeddable":true,"href":"https:\/\/palestinacola.es\/es\/wp-json\/wp\/v2\/product_brand?post=236"},{"taxonomy":"product_cat","embeddable":true,"href":"https:\/\/palestinacola.es\/es\/wp-json\/wp\/v2\/product_cat?post=236"},{"taxonomy":"product_tag","embeddable":true,"href":"https:\/\/palestinacola.es\/es\/wp-json\/wp\/v2\/product_tag?post=236"}],"curies":[{"name":"wp","href":"https:\/\/api.w.org\/{rel}","templated":true}]}}