{"id":1526,"date":"2025-12-28T08:56:58","date_gmt":"2025-12-28T08:56:58","guid":{"rendered":"https:\/\/palestinacola.es\/?post_type=product&#038;p=1526"},"modified":"2026-03-30T08:51:39","modified_gmt":"2026-03-30T08:51:39","slug":"palestina-cola-original","status":"publish","type":"product","link":"https:\/\/palestinacola.es\/es\/producto\/palestina-cola-original\/","title":{"rendered":"Palestine Cola Cola-original"},"content":{"rendered":"<h3 data-start=\"223\" data-end=\"250\">Un refresco carbonatado cl\u00e1sico con sabor a cola y un sabor suave y refrescante.<\/h3>\n<hr data-start=\"794\" data-end=\"797\" \/>\n<h3 data-start=\"799\" data-end=\"820\"><strong data-start=\"803\" data-end=\"820\">\u00a0 Perfil gustativo<\/strong><\/h3>\n<ul data-start=\"821\" data-end=\"917\">\n<li data-start=\"821\" data-end=\"849\">\n<p data-start=\"823\" data-end=\"849\"><strong data-start=\"823\" data-end=\"834\">Sabor:<\/strong> Cola cl\u00e1sica<\/p>\n<\/li>\n<li data-start=\"850\" data-end=\"887\">\n<p data-start=\"852\" data-end=\"887\"><strong data-start=\"852\" data-end=\"863\">Acabado:<\/strong> Suave y refrescante<\/p>\n<\/li>\n<li data-start=\"888\" data-end=\"917\">\n<p data-start=\"890\" data-end=\"917\"><strong data-start=\"890\" data-end=\"906\">Carbonataci\u00f3n:<\/strong> Equilibrado<\/p>\n<\/li>\n<\/ul>\n<hr data-start=\"919\" data-end=\"922\" \/>\n<h3 data-start=\"924\" data-end=\"943\"><strong data-start=\"928\" data-end=\"943\">\u00a0 Perfecto para<\/strong><\/h3>\n<ul data-start=\"944\" data-end=\"1065\">\n<li data-start=\"944\" data-end=\"968\">\n<p data-start=\"946\" data-end=\"968\">Refresco diario<\/p>\n<\/li>\n<li data-start=\"969\" data-end=\"999\">\n<p data-start=\"971\" data-end=\"999\">Comidas y actos sociales<\/p>\n<\/li>\n<li data-start=\"1000\" data-end=\"1034\">\n<p data-start=\"1002\" data-end=\"1034\">Restaurantes, caf\u00e9s y eventos<\/p>\n<\/li>\n<li data-start=\"1035\" data-end=\"1065\">\n<p data-start=\"1037\" data-end=\"1065\">Los amantes del cl\u00e1sico sabor a cola<\/p>\n<\/li>\n<\/ul>\n<hr data-start=\"1067\" data-end=\"1070\" \/>\n<h3 data-start=\"1072\" data-end=\"1102\"><strong data-start=\"1076\" data-end=\"1102\">\u00a0Recomendaci\u00f3n de servicio<\/strong><\/h3>\n<p data-start=\"1103\" data-end=\"1196\">S\u00edrvalo fr\u00edo para disfrutar del mejor sabor. Disfr\u00fatalo de forma responsable como parte de un estilo de vida equilibrado.<\/p>","protected":false},"excerpt":{"rendered":"<p data-start=\"251\" data-end=\"475\">Palestina Cola es un refresco carbonatado cl\u00e1sico con un rico y suave sabor a cola y un final refrescante. Cuidadosamente elaborada para ofrecer un sabor equilibrado y una calidad constante, ofrece una versi\u00f3n moderna de un favorito de siempre.<\/p>\n<p data-start=\"477\" data-end=\"632\">Perfecta para el disfrute diario, Palestina Cola est\u00e1 dise\u00f1ada para ser disfrutada sola o junto a las comidas, proporcionando un refresco satisfactorio en cada sorbo.<\/p>\n<h3 data-start=\"639\" data-end=\"659\"><strong data-start=\"643\" data-end=\"659\">\u00a0<\/strong><\/h3>","protected":false},"featured_media":1732,"comment_status":"open","ping_status":"closed","template":"","meta":{"content-type":""},"product_brand":[],"product_cat":[153],"product_tag":[],"class_list":{"0":"post-1526","1":"product","2":"type-product","3":"status-publish","4":"has-post-thumbnail","6":"product_cat-cola","8":"first","9":"instock","10":"taxable","11":"shipping-taxable","12":"purchasable","13":"product-type-variable","14":"has-default-attributes"},"jetpack_sharing_enabled":true,"tiered_pricing_type":"fixed","tiered_pricing_fixed_rules":[],"tiered_pricing_product_settings":{"layout":"default","base_unit_name":{"singular":null,"plural":null},"default_variation":null},"tiered_pricing_minimum_quantity":null,"tiered_pricing_roles_data":[],"tiered_pricing_percentage_rules":[],"_links":{"self":[{"href":"https:\/\/palestinacola.es\/es\/wp-json\/wp\/v2\/product\/1526","targetHints":{"allow":["GET"]}}],"collection":[{"href":"https:\/\/palestinacola.es\/es\/wp-json\/wp\/v2\/product"}],"about":[{"href":"https:\/\/palestinacola.es\/es\/wp-json\/wp\/v2\/types\/product"}],"replies":[{"embeddable":true,"href":"https:\/\/palestinacola.es\/es\/wp-json\/wp\/v2\/comments?post=1526"}],"wp:featuredmedia":[{"embeddable":true,"href":"https:\/\/palestinacola.es\/es\/wp-json\/wp\/v2\/media\/1732"}],"wp:attachment":[{"href":"https:\/\/palestinacola.es\/es\/wp-json\/wp\/v2\/media?parent=1526"}],"wp:term":[{"taxonomy":"product_brand","embeddable":true,"href":"https:\/\/palestinacola.es\/es\/wp-json\/wp\/v2\/product_brand?post=1526"},{"taxonomy":"product_cat","embeddable":true,"href":"https:\/\/palestinacola.es\/es\/wp-json\/wp\/v2\/product_cat?post=1526"},{"taxonomy":"product_tag","embeddable":true,"href":"https:\/\/palestinacola.es\/es\/wp-json\/wp\/v2\/product_tag?post=1526"}],"curies":[{"name":"wp","href":"https:\/\/api.w.org\/{rel}","templated":true}]}}