{"id":1525,"date":"2025-12-28T08:56:28","date_gmt":"2025-12-28T08:56:28","guid":{"rendered":"https:\/\/palestinacola.es\/?post_type=product&#038;p=1525"},"modified":"2026-03-26T15:42:57","modified_gmt":"2026-03-26T15:42:57","slug":"palestina-cola-orange-cola","status":"publish","type":"product","link":"https:\/\/palestinacola.es\/es\/producto\/palestina-cola-orange-cola\/","title":{"rendered":"Palestina Cola \u2013 Coca-Cola de naranja"},"content":{"rendered":"<p>Refrescante refresco carbonatado con sabor a naranja y un final suave y crujiente.<\/p>\n<h3 data-start=\"571\" data-end=\"591\"><strong data-start=\"575\" data-end=\"591\">Caracter\u00edsticas principales<\/strong><\/h3>\n<ul data-start=\"592\" data-end=\"742\">\n<li data-start=\"592\" data-end=\"620\">\n<p data-start=\"594\" data-end=\"620\">Refrescante sabor a naranja<\/p>\n<\/li>\n<li data-start=\"621\" data-end=\"646\">\n<p data-start=\"623\" data-end=\"646\">Refresco carbonatado<\/p>\n<\/li>\n<li data-start=\"647\" data-end=\"682\">\n<p data-start=\"649\" data-end=\"682\">Sabor brillante, suave y crujiente<\/p>\n<\/li>\n<li data-start=\"683\" data-end=\"706\">\n<p data-start=\"685\" data-end=\"706\">Se sirve mejor fr\u00edo<\/p>\n<\/li>\n<li data-start=\"707\" data-end=\"742\">\n<p data-start=\"709\" data-end=\"742\">Apto para el disfrute diario<\/p>\n<\/li>\n<\/ul>\n<hr data-start=\"744\" data-end=\"747\" \/>\n<h3 data-start=\"749\" data-end=\"770\"><strong data-start=\"753\" data-end=\"770\">\u00a0Perfil gustativo<\/strong><\/h3>\n<ul data-start=\"771\" data-end=\"871\">\n<li data-start=\"771\" data-end=\"793\">\n<p data-start=\"773\" data-end=\"793\"><strong data-start=\"773\" data-end=\"784\">Sabor:<\/strong> Naranja<\/p>\n<\/li>\n<li data-start=\"794\" data-end=\"830\">\n<p data-start=\"796\" data-end=\"830\"><strong data-start=\"796\" data-end=\"807\">Acabado:<\/strong> Limpio y refrescante<\/p>\n<\/li>\n<li data-start=\"831\" data-end=\"871\">\n<p data-start=\"833\" data-end=\"871\"><strong data-start=\"833\" data-end=\"849\">Carbonataci\u00f3n:<\/strong> Suave y equilibrado<\/p>\n<\/li>\n<\/ul>\n<hr data-start=\"873\" data-end=\"876\" \/>\n<h3 data-start=\"878\" data-end=\"897\"><strong data-start=\"882\" data-end=\"897\">\u00a0Perfecto para<\/strong><\/h3>\n<ul data-start=\"898\" data-end=\"1016\">\n<li data-start=\"898\" data-end=\"922\">\n<p data-start=\"900\" data-end=\"922\">Refresco diario<\/p>\n<\/li>\n<li data-start=\"923\" data-end=\"947\">\n<p data-start=\"925\" data-end=\"947\">Comidas y reuniones<\/p>\n<\/li>\n<li data-start=\"948\" data-end=\"981\">\n<p data-start=\"950\" data-end=\"981\">D\u00edas c\u00e1lidos y momentos al aire libre<\/p>\n<\/li>\n<li data-start=\"982\" data-end=\"1016\">\n<p data-start=\"984\" data-end=\"1016\">Restaurantes, caf\u00e9s y eventos<\/p>\n<\/li>\n<\/ul>\n<hr data-start=\"1018\" data-end=\"1021\" \/>\n<h3 data-start=\"1023\" data-end=\"1053\"><strong data-start=\"1027\" data-end=\"1053\">\u00a0Recomendaci\u00f3n de servicio<\/strong><\/h3>\n<p data-start=\"1054\" data-end=\"1146\">S\u00edrvalo fr\u00edo para disfrutar del mejor sabor. Disfr\u00fatalo de forma responsable como parte de un estilo de vida equilibrado.<\/p>","protected":false},"excerpt":{"rendered":"<p data-start=\"220\" data-end=\"444\">Palestina Naranja es un refresco carbonatado con un vibrante sabor a naranja y un acabado suave y crujiente. Elaborada con equilibrio y frescura, ofrece un sabor brillante y agradable, perfecto para cualquier momento.<\/p>\n<p data-start=\"446\" data-end=\"564\">Ideal para refrescarse a diario o en ocasiones sociales, Palestina Orange ofrece una experiencia c\u00edtrica viva en cada sorbo.<\/p>\n<h3 data-start=\"571\" data-end=\"591\"><strong data-start=\"575\" data-end=\"591\">\u00a0<\/strong><\/h3>","protected":false},"featured_media":1731,"comment_status":"open","ping_status":"closed","template":"","meta":{"content-type":""},"product_brand":[],"product_cat":[153],"product_tag":[],"class_list":{"0":"post-1525","1":"product","2":"type-product","3":"status-publish","4":"has-post-thumbnail","6":"product_cat-cola","8":"first","9":"instock","10":"taxable","11":"shipping-taxable","12":"purchasable","13":"product-type-variable","14":"has-default-attributes"},"jetpack_sharing_enabled":true,"tiered_pricing_type":"fixed","tiered_pricing_fixed_rules":[],"tiered_pricing_product_settings":{"layout":"default","base_unit_name":{"singular":null,"plural":null},"default_variation":null},"tiered_pricing_minimum_quantity":null,"tiered_pricing_roles_data":[],"tiered_pricing_percentage_rules":[],"_links":{"self":[{"href":"https:\/\/palestinacola.es\/es\/wp-json\/wp\/v2\/product\/1525","targetHints":{"allow":["GET"]}}],"collection":[{"href":"https:\/\/palestinacola.es\/es\/wp-json\/wp\/v2\/product"}],"about":[{"href":"https:\/\/palestinacola.es\/es\/wp-json\/wp\/v2\/types\/product"}],"replies":[{"embeddable":true,"href":"https:\/\/palestinacola.es\/es\/wp-json\/wp\/v2\/comments?post=1525"}],"wp:featuredmedia":[{"embeddable":true,"href":"https:\/\/palestinacola.es\/es\/wp-json\/wp\/v2\/media\/1731"}],"wp:attachment":[{"href":"https:\/\/palestinacola.es\/es\/wp-json\/wp\/v2\/media?parent=1525"}],"wp:term":[{"taxonomy":"product_brand","embeddable":true,"href":"https:\/\/palestinacola.es\/es\/wp-json\/wp\/v2\/product_brand?post=1525"},{"taxonomy":"product_cat","embeddable":true,"href":"https:\/\/palestinacola.es\/es\/wp-json\/wp\/v2\/product_cat?post=1525"},{"taxonomy":"product_tag","embeddable":true,"href":"https:\/\/palestinacola.es\/es\/wp-json\/wp\/v2\/product_tag?post=1525"}],"curies":[{"name":"wp","href":"https:\/\/api.w.org\/{rel}","templated":true}]}}